{"id":496,"date":"2025-07-18T21:40:04","date_gmt":"2025-07-18T19:40:04","guid":{"rendered":"https:\/\/www.zoebymonica.com\/?post_type=product&#038;p=496"},"modified":"2025-07-18T21:49:01","modified_gmt":"2025-07-18T19:49:01","slug":"seance-individuelle-de-1h","status":"publish","type":"product","link":"https:\/\/www.zoebymonica.com\/index.php\/produit\/seance-individuelle-de-1h\/","title":{"rendered":"S\u00e9ance individuelle de 1h"},"content":{"rendered":"<p>Cette s\u00e9ance d\u2019une heure est un espace enti\u00e8rement d\u00e9di\u00e9 \u00e0 vous, \u00e0 votre rythme et \u00e0 vos besoins du moment. Que vous ayez besoin de faire le point, d\u2019exprimer une \u00e9motion, de traverser une difficult\u00e9.\u00a0 Prendre du temps de qualit\u00e9 pour vous, cette rencontre permet une pause consciente dans votre quotidien. Ensemble, nous prenons le temps d\u2019explorer ce qui vous habite, de mettre des mots sur vos maux et de commencer \u00e0 d\u00e9nouer ce qui vous freine ou vous questionne. C\u2019est aussi un bon point de d\u00e9part si vous souhaitez d\u00e9couvrir l\u2019accompagnement avant d\u2019engager un travail plus profond.<\/p>\n","protected":false},"excerpt":{"rendered":"<p>Cette s\u00e9ance d\u2019une heure est un espace enti\u00e8rement d\u00e9di\u00e9 \u00e0 vous, \u00e0 votre rythme et \u00e0 vos besoins du moment. Que vous ayez besoin de faire le point, d\u2019exprimer une \u00e9motion, de traverser une difficult\u00e9.\u00a0 Prendre du temps de qualit\u00e9 pour vous, cette rencontre permet une pause consciente dans votre quotidien. Ensemble, nous prenons le temps d\u2019explorer ce qui vous habite, de mettre des mots sur vos maux et de commencer \u00e0 d\u00e9nouer ce qui vous freine ou vous questionne. C\u2019est aussi un bon point de d\u00e9part si vous souhaitez d\u00e9couvrir l\u2019accompagnement avant d\u2019engager un travail plus profond.<\/p>\n","protected":false},"featured_media":497,"comment_status":"open","ping_status":"closed","template":"","meta":{"saved_in_kubio":false},"product_brand":[],"product_cat":[86],"product_tag":[87,82,84,85],"class_list":{"0":"post-496","1":"product","2":"type-product","3":"status-publish","4":"has-post-thumbnail","6":"product_cat-accompagnement","7":"product_tag-accompagnement","8":"product_tag-deuil","9":"product_tag-guerison","10":"product_tag-resilience","12":"first","13":"instock","14":"virtual","15":"purchasable","16":"product-type-simple"},"jetpack_sharing_enabled":true,"_links":{"self":[{"href":"https:\/\/www.zoebymonica.com\/index.php\/wp-json\/wp\/v2\/product\/496","targetHints":{"allow":["GET"]}}],"collection":[{"href":"https:\/\/www.zoebymonica.com\/index.php\/wp-json\/wp\/v2\/product"}],"about":[{"href":"https:\/\/www.zoebymonica.com\/index.php\/wp-json\/wp\/v2\/types\/product"}],"replies":[{"embeddable":true,"href":"https:\/\/www.zoebymonica.com\/index.php\/wp-json\/wp\/v2\/comments?post=496"}],"wp:featuredmedia":[{"embeddable":true,"href":"https:\/\/www.zoebymonica.com\/index.php\/wp-json\/wp\/v2\/media\/497"}],"wp:attachment":[{"href":"https:\/\/www.zoebymonica.com\/index.php\/wp-json\/wp\/v2\/media?parent=496"}],"wp:term":[{"taxonomy":"product_brand","embeddable":true,"href":"https:\/\/www.zoebymonica.com\/index.php\/wp-json\/wp\/v2\/product_brand?post=496"},{"taxonomy":"product_cat","embeddable":true,"href":"https:\/\/www.zoebymonica.com\/index.php\/wp-json\/wp\/v2\/product_cat?post=496"},{"taxonomy":"product_tag","embeddable":true,"href":"https:\/\/www.zoebymonica.com\/index.php\/wp-json\/wp\/v2\/product_tag?post=496"}],"curies":[{"name":"wp","href":"https:\/\/api.w.org\/{rel}","templated":true}]}}